{"id":2710,"date":"2022-08-27T12:13:56","date_gmt":"2022-08-27T12:13:56","guid":{"rendered":"https:\/\/malgiapartment.com\/malaga\/"},"modified":"2024-02-17T18:58:41","modified_gmt":"2024-02-17T18:58:41","slug":"malaga","status":"publish","type":"page","link":"https:\/\/malgiapartment.com\/nl\/malaga\/","title":{"rendered":"M\u00e1laga"},"content":{"rendered":"\t\t<div data-elementor-type=\"wp-page\" data-elementor-id=\"2710\" class=\"elementor elementor-2710 elementor-897\" data-elementor-post-type=\"page\">\n\t\t\t\t\t\t<section class=\"elementor-section elementor-top-section elementor-element elementor-element-4876c78f elementor-section-boxed elementor-section-height-default elementor-section-height-default\" data-id=\"4876c78f\" data-element_type=\"section\" data-settings=\"{&quot;background_background&quot;:&quot;gradient&quot;}\">\n\t\t\t\t\t\t<div class=\"elementor-container elementor-column-gap-no\">\n\t\t\t\t\t<div class=\"elementor-column elementor-col-100 elementor-top-column elementor-element elementor-element-4c217cba\" data-id=\"4c217cba\" data-element_type=\"column\">\n\t\t\t<div class=\"elementor-widget-wrap elementor-element-populated\">\n\t\t\t\t\t\t<div class=\"elementor-element elementor-element-299d131a elementor-widget-divider--view-line elementor-widget elementor-widget-divider\" data-id=\"299d131a\" data-element_type=\"widget\" data-widget_type=\"divider.default\">\n\t\t\t\t<div class=\"elementor-widget-container\">\n\t\t\t<style>\/*! elementor - v3.20.0 - 26-03-2024 *\/\n.elementor-widget-divider{--divider-border-style:none;--divider-border-width:1px;--divider-color:#0c0d0e;--divider-icon-size:20px;--divider-element-spacing:10px;--divider-pattern-height:24px;--divider-pattern-size:20px;--divider-pattern-url:none;--divider-pattern-repeat:repeat-x}.elementor-widget-divider .elementor-divider{display:flex}.elementor-widget-divider .elementor-divider__text{font-size:15px;line-height:1;max-width:95%}.elementor-widget-divider .elementor-divider__element{margin:0 var(--divider-element-spacing);flex-shrink:0}.elementor-widget-divider .elementor-icon{font-size:var(--divider-icon-size)}.elementor-widget-divider .elementor-divider-separator{display:flex;margin:0;direction:ltr}.elementor-widget-divider--view-line_icon .elementor-divider-separator,.elementor-widget-divider--view-line_text .elementor-divider-separator{align-items:center}.elementor-widget-divider--view-line_icon .elementor-divider-separator:after,.elementor-widget-divider--view-line_icon .elementor-divider-separator:before,.elementor-widget-divider--view-line_text .elementor-divider-separator:after,.elementor-widget-divider--view-line_text .elementor-divider-separator:before{display:block;content:\"\";border-block-end:0;flex-grow:1;border-block-start:var(--divider-border-width) var(--divider-border-style) var(--divider-color)}.elementor-widget-divider--element-align-left .elementor-divider .elementor-divider-separator>.elementor-divider__svg:first-of-type{flex-grow:0;flex-shrink:100}.elementor-widget-divider--element-align-left .elementor-divider-separator:before{content:none}.elementor-widget-divider--element-align-left .elementor-divider__element{margin-left:0}.elementor-widget-divider--element-align-right .elementor-divider .elementor-divider-separator>.elementor-divider__svg:last-of-type{flex-grow:0;flex-shrink:100}.elementor-widget-divider--element-align-right .elementor-divider-separator:after{content:none}.elementor-widget-divider--element-align-right .elementor-divider__element{margin-right:0}.elementor-widget-divider--element-align-start .elementor-divider .elementor-divider-separator>.elementor-divider__svg:first-of-type{flex-grow:0;flex-shrink:100}.elementor-widget-divider--element-align-start .elementor-divider-separator:before{content:none}.elementor-widget-divider--element-align-start .elementor-divider__element{margin-inline-start:0}.elementor-widget-divider--element-align-end .elementor-divider .elementor-divider-separator>.elementor-divider__svg:last-of-type{flex-grow:0;flex-shrink:100}.elementor-widget-divider--element-align-end .elementor-divider-separator:after{content:none}.elementor-widget-divider--element-align-end .elementor-divider__element{margin-inline-end:0}.elementor-widget-divider:not(.elementor-widget-divider--view-line_text):not(.elementor-widget-divider--view-line_icon) .elementor-divider-separator{border-block-start:var(--divider-border-width) var(--divider-border-style) var(--divider-color)}.elementor-widget-divider--separator-type-pattern{--divider-border-style:none}.elementor-widget-divider--separator-type-pattern.elementor-widget-divider--view-line .elementor-divider-separator,.elementor-widget-divider--separator-type-pattern:not(.elementor-widget-divider--view-line) .elementor-divider-separator:after,.elementor-widget-divider--separator-type-pattern:not(.elementor-widget-divider--view-line) .elementor-divider-separator:before,.elementor-widget-divider--separator-type-pattern:not([class*=elementor-widget-divider--view]) .elementor-divider-separator{width:100%;min-height:var(--divider-pattern-height);-webkit-mask-size:var(--divider-pattern-size) 100%;mask-size:var(--divider-pattern-size) 100%;-webkit-mask-repeat:var(--divider-pattern-repeat);mask-repeat:var(--divider-pattern-repeat);background-color:var(--divider-color);-webkit-mask-image:var(--divider-pattern-url);mask-image:var(--divider-pattern-url)}.elementor-widget-divider--no-spacing{--divider-pattern-size:auto}.elementor-widget-divider--bg-round{--divider-pattern-repeat:round}.rtl .elementor-widget-divider .elementor-divider__text{direction:rtl}.e-con-inner>.elementor-widget-divider,.e-con>.elementor-widget-divider{width:var(--container-widget-width,100%);--flex-grow:var(--container-widget-flex-grow)}<\/style>\t\t<div class=\"elementor-divider\">\n\t\t\t<span class=\"elementor-divider-separator\">\n\t\t\t\t\t\t<\/span>\n\t\t<\/div>\n\t\t\t\t<\/div>\n\t\t\t\t<\/div>\n\t\t\t\t<div class=\"elementor-element elementor-element-794a143d elementor-invisible elementor-widget elementor-widget-heading\" data-id=\"794a143d\" data-element_type=\"widget\" data-settings=\"{&quot;_animation&quot;:&quot;fadeInUp&quot;,&quot;_animation_delay&quot;:200}\" data-widget_type=\"heading.default\">\n\t\t\t\t<div class=\"elementor-widget-container\">\n\t\t\t<style>\/*! elementor - v3.20.0 - 26-03-2024 *\/\n.elementor-heading-title{padding:0;margin:0;line-height:1}.elementor-widget-heading .elementor-heading-title[class*=elementor-size-]>a{color:inherit;font-size:inherit;line-height:inherit}.elementor-widget-heading .elementor-heading-title.elementor-size-small{font-size:15px}.elementor-widget-heading .elementor-heading-title.elementor-size-medium{font-size:19px}.elementor-widget-heading .elementor-heading-title.elementor-size-large{font-size:29px}.elementor-widget-heading .elementor-heading-title.elementor-size-xl{font-size:39px}.elementor-widget-heading .elementor-heading-title.elementor-size-xxl{font-size:59px}<\/style><h1 class=\"elementor-heading-title elementor-size-default\">M\u00e1laga<\/h1>\t\t<\/div>\n\t\t\t\t<\/div>\n\t\t\t\t\t<\/div>\n\t\t<\/div>\n\t\t\t\t\t<\/div>\n\t\t<\/section>\n\t\t\t\t<section class=\"elementor-section elementor-top-section elementor-element elementor-element-6979c3a9 elementor-section-boxed elementor-section-height-default elementor-section-height-default\" data-id=\"6979c3a9\" data-element_type=\"section\" data-settings=\"{&quot;background_background&quot;:&quot;classic&quot;}\">\n\t\t\t\t\t\t<div class=\"elementor-container elementor-column-gap-default\">\n\t\t\t\t\t<div class=\"elementor-column elementor-col-100 elementor-top-column elementor-element elementor-element-4b1d4b6b\" data-id=\"4b1d4b6b\" data-element_type=\"column\">\n\t\t\t<div class=\"elementor-widget-wrap elementor-element-populated\">\n\t\t\t\t\t\t<div class=\"elementor-element elementor-element-f332161 elementor-hidden-mobile elementor-widget-divider--view-line elementor-widget elementor-widget-divider\" data-id=\"f332161\" data-element_type=\"widget\" data-widget_type=\"divider.default\">\n\t\t\t\t<div class=\"elementor-widget-container\">\n\t\t\t\t\t<div class=\"elementor-divider\">\n\t\t\t<span class=\"elementor-divider-separator\">\n\t\t\t\t\t\t<\/span>\n\t\t<\/div>\n\t\t\t\t<\/div>\n\t\t\t\t<\/div>\n\t\t\t\t\t<\/div>\n\t\t<\/div>\n\t\t\t\t\t<\/div>\n\t\t<\/section>\n\t\t\t\t<section class=\"elementor-section elementor-top-section elementor-element elementor-element-50350af6 elementor-section-boxed elementor-section-height-default elementor-section-height-default\" data-id=\"50350af6\" data-element_type=\"section\" data-settings=\"{&quot;background_background&quot;:&quot;classic&quot;}\">\n\t\t\t\t\t\t<div class=\"elementor-container elementor-column-gap-default\">\n\t\t\t\t\t<div class=\"elementor-column elementor-col-100 elementor-top-column elementor-element elementor-element-256624c3\" data-id=\"256624c3\" data-element_type=\"column\">\n\t\t\t<div class=\"elementor-widget-wrap elementor-element-populated\">\n\t\t\t\t\t\t<section class=\"elementor-section elementor-inner-section elementor-element elementor-element-333d6081 elementor-section-boxed elementor-section-height-default elementor-section-height-default\" data-id=\"333d6081\" data-element_type=\"section\">\n\t\t\t\t\t\t<div class=\"elementor-container elementor-column-gap-default\">\n\t\t\t\t\t<div class=\"elementor-column elementor-col-50 elementor-inner-column elementor-element elementor-element-4c5ef861 elementor-invisible\" data-id=\"4c5ef861\" data-element_type=\"column\" data-settings=\"{&quot;animation&quot;:&quot;fadeInUp&quot;,&quot;animation_delay&quot;:200}\">\n\t\t\t<div class=\"elementor-widget-wrap elementor-element-populated\">\n\t\t\t\t\t\t<div class=\"elementor-element elementor-element-44b6385a elementor-widget elementor-widget-text-editor\" data-id=\"44b6385a\" data-element_type=\"widget\" data-widget_type=\"text-editor.default\">\n\t\t\t\t<div class=\"elementor-widget-container\">\n\t\t\t<style>\/*! elementor - v3.20.0 - 26-03-2024 *\/\n.elementor-widget-text-editor.elementor-drop-cap-view-stacked .elementor-drop-cap{background-color:#69727d;color:#fff}.elementor-widget-text-editor.elementor-drop-cap-view-framed .elementor-drop-cap{color:#69727d;border:3px solid;background-color:transparent}.elementor-widget-text-editor:not(.elementor-drop-cap-view-default) .elementor-drop-cap{margin-top:8px}.elementor-widget-text-editor:not(.elementor-drop-cap-view-default) .elementor-drop-cap-letter{width:1em;height:1em}.elementor-widget-text-editor .elementor-drop-cap{float:left;text-align:center;line-height:1;font-size:50px}.elementor-widget-text-editor .elementor-drop-cap-letter{display:inline-block}<\/style>\t\t\t\t<p>De Spaanse stad Malaga is een mediterrane zeehaven aan de Costa del Sol in de regio Andalusi\u00eb in Zuid-Spanje. Het is de 2e meest bevolkte stad in Andalusi\u00eb, de 6e in Spanje en nog belangrijker, een populaire toeristische bestemming. Het kan verwarrend zijn om zowel over M\u00e1laga als over de Costa del Sol te horen en te lezen, aangezien veel mensen denken dat de Costa del Sol alleen de steden in de buurt van M\u00e1laga vertegenwoordigt. M\u00e1laga valt echter ook onder de term.<\/p>\n<p>Dus waarom heet M\u00e1laga ook Costa del Sol? Deze term zou afkomstig zijn van een toerist die dit gebied bezocht en zeer verrast was door het zonnige weer en de warme temperaturen, ongeacht het seizoen. Sindsdien is het een populaire naam voor het gebied geworden.<\/p>\n<p>Gelegen op de zuidpunt van het Europese vasteland, is Malaga gezegend met een typisch mediterraan klimaat. Toeristen kunnen het hele jaar door van Malaga genieten. Malaga heeft ongeveer 3000 zonuren per jaar. Dat is bijna 300 dagen per jaar dat je de zon zult zien!<\/p>\n<p>Deze geboorteplaats van Picasso staat ook bekend om de rijke architectuurgeschiedenis, de mediterrane keuken, de lokale wijnen en de zandstranden.<\/p>\n<p>Een persoon uit M\u00e1laga heet een Malague\u00f1o. Niemand wordt een Malague\u00f1o vanwege zijn geboorte, om een echte Malague\u00f1o te zijn, moet men diep in zijn cultuur en tradities worden ondergedompeld.<\/p>\n\t\t\t\t\t\t<\/div>\n\t\t\t\t<\/div>\n\t\t\t\t\t<\/div>\n\t\t<\/div>\n\t\t\t\t<div class=\"elementor-column elementor-col-50 elementor-inner-column elementor-element elementor-element-458c678f elementor-invisible\" data-id=\"458c678f\" data-element_type=\"column\" data-settings=\"{&quot;animation&quot;:&quot;fadeInUp&quot;}\">\n\t\t\t<div class=\"elementor-widget-wrap elementor-element-populated\">\n\t\t\t\t\t\t<div class=\"elementor-element elementor-element-366b176c gallery-spacing-custom elementor-widget elementor-widget-image-gallery\" data-id=\"366b176c\" data-element_type=\"widget\" data-widget_type=\"image-gallery.default\">\n\t\t\t\t<div class=\"elementor-widget-container\">\n\t\t\t<style>\/*! elementor - v3.20.0 - 26-03-2024 *\/\n.elementor-image-gallery .gallery-item{display:inline-block;text-align:center;vertical-align:top;width:100%;max-width:100%;margin:0 auto}.elementor-image-gallery .gallery-item img{margin:0 auto}.elementor-image-gallery .gallery-item .gallery-caption{margin:0}.elementor-image-gallery figure img{display:block}.elementor-image-gallery figure figcaption{width:100%}.gallery-spacing-custom .elementor-image-gallery .gallery-icon{padding:0}@media (min-width:768px){.elementor-image-gallery .gallery-columns-2 .gallery-item{max-width:50%}.elementor-image-gallery .gallery-columns-3 .gallery-item{max-width:33.33%}.elementor-image-gallery .gallery-columns-4 .gallery-item{max-width:25%}.elementor-image-gallery .gallery-columns-5 .gallery-item{max-width:20%}.elementor-image-gallery .gallery-columns-6 .gallery-item{max-width:16.666%}.elementor-image-gallery .gallery-columns-7 .gallery-item{max-width:14.28%}.elementor-image-gallery .gallery-columns-8 .gallery-item{max-width:12.5%}.elementor-image-gallery .gallery-columns-9 .gallery-item{max-width:11.11%}.elementor-image-gallery .gallery-columns-10 .gallery-item{max-width:10%}}@media (min-width:480px) and (max-width:767px){.elementor-image-gallery .gallery.gallery-columns-2 .gallery-item,.elementor-image-gallery .gallery.gallery-columns-3 .gallery-item,.elementor-image-gallery .gallery.gallery-columns-4 .gallery-item,.elementor-image-gallery .gallery.gallery-columns-5 .gallery-item,.elementor-image-gallery .gallery.gallery-columns-6 .gallery-item,.elementor-image-gallery .gallery.gallery-columns-7 .gallery-item,.elementor-image-gallery .gallery.gallery-columns-8 .gallery-item,.elementor-image-gallery .gallery.gallery-columns-9 .gallery-item,.elementor-image-gallery .gallery.gallery-columns-10 .gallery-item{max-width:50%}}@media (max-width:479px){.elementor-image-gallery .gallery.gallery-columns-2 .gallery-item,.elementor-image-gallery .gallery.gallery-columns-3 .gallery-item,.elementor-image-gallery .gallery.gallery-columns-4 .gallery-item,.elementor-image-gallery .gallery.gallery-columns-5 .gallery-item,.elementor-image-gallery .gallery.gallery-columns-6 .gallery-item,.elementor-image-gallery .gallery.gallery-columns-7 .gallery-item,.elementor-image-gallery .gallery.gallery-columns-8 .gallery-item,.elementor-image-gallery .gallery.gallery-columns-9 .gallery-item,.elementor-image-gallery .gallery.gallery-columns-10 .gallery-item{max-width:100%}}<\/style>\t\t<div class=\"elementor-image-gallery\">\n\t\t\t<div id='gallery-1' class='gallery galleryid-2710 gallery-columns-2 gallery-size-medium'><figure class='gallery-item'>\n\t\t\t<div class='gallery-icon landscape'>\n\t\t\t\t<img fetchpriority=\"high\" width=\"300\" height=\"200\" src=\"https:\/\/malgiapartment.com\/wp-content\/uploads\/2022\/08\/Viewpoint-from-the-castle-in-malaga-300x200.jpg\" class=\"attachment-medium size-medium\" alt=\"\" srcset=\"https:\/\/malgiapartment.com\/wp-content\/uploads\/2022\/08\/Viewpoint-from-the-castle-in-malaga-300x200.jpg 300w, https:\/\/malgiapartment.com\/wp-content\/uploads\/2022\/08\/Viewpoint-from-the-castle-in-malaga-1024x683.jpg 1024w, https:\/\/malgiapartment.com\/wp-content\/uploads\/2022\/08\/Viewpoint-from-the-castle-in-malaga-768x512.jpg 768w, https:\/\/malgiapartment.com\/wp-content\/uploads\/2022\/08\/Viewpoint-from-the-castle-in-malaga-1536x1024.jpg 1536w, https:\/\/malgiapartment.com\/wp-content\/uploads\/2022\/08\/Viewpoint-from-the-castle-in-malaga-2048x1365.jpg 2048w\" sizes=\"(max-width: 300px) 100vw, 300px\" \/>\n\t\t\t<\/div><\/figure><figure class='gallery-item'>\n\t\t\t<div class='gallery-icon landscape'>\n\t\t\t\t<img width=\"300\" height=\"200\" src=\"https:\/\/malgiapartment.com\/wp-content\/uploads\/2022\/08\/View-of-the-city-of-Malaga-300x200.jpg\" class=\"attachment-medium size-medium\" alt=\"\" aria-describedby=\"gallery-1-1862\" srcset=\"https:\/\/malgiapartment.com\/wp-content\/uploads\/2022\/08\/View-of-the-city-of-Malaga-300x200.jpg 300w, https:\/\/malgiapartment.com\/wp-content\/uploads\/2022\/08\/View-of-the-city-of-Malaga-1024x683.jpg 1024w, https:\/\/malgiapartment.com\/wp-content\/uploads\/2022\/08\/View-of-the-city-of-Malaga-768x512.jpg 768w, https:\/\/malgiapartment.com\/wp-content\/uploads\/2022\/08\/View-of-the-city-of-Malaga-1536x1024.jpg 1536w, https:\/\/malgiapartment.com\/wp-content\/uploads\/2022\/08\/View-of-the-city-of-Malaga-2048x1365.jpg 2048w\" sizes=\"(max-width: 300px) 100vw, 300px\" \/>\n\t\t\t<\/div>\n\t\t\t\t<figcaption class='wp-caption-text gallery-caption' id='gallery-1-1862'>\n\t\t\t\tViews of the city, the town hall and its gardens and the port from the Gibralfaro Castle in the city of Malaga, Andalusia. Spain\n\t\t\t\t<\/figcaption><\/figure><figure class='gallery-item'>\n\t\t\t<div class='gallery-icon landscape'>\n\t\t\t\t<img width=\"300\" height=\"200\" src=\"https:\/\/malgiapartment.com\/wp-content\/uploads\/2022\/08\/malaga-cathedral-and-cityscape-at-twilight--300x200.jpg\" class=\"attachment-medium size-medium\" alt=\"\" aria-describedby=\"gallery-1-1736\" srcset=\"https:\/\/malgiapartment.com\/wp-content\/uploads\/2022\/08\/malaga-cathedral-and-cityscape-at-twilight--300x200.jpg 300w, https:\/\/malgiapartment.com\/wp-content\/uploads\/2022\/08\/malaga-cathedral-and-cityscape-at-twilight--1024x683.jpg 1024w, https:\/\/malgiapartment.com\/wp-content\/uploads\/2022\/08\/malaga-cathedral-and-cityscape-at-twilight--768x513.jpg 768w, https:\/\/malgiapartment.com\/wp-content\/uploads\/2022\/08\/malaga-cathedral-and-cityscape-at-twilight--1536x1025.jpg 1536w, https:\/\/malgiapartment.com\/wp-content\/uploads\/2022\/08\/malaga-cathedral-and-cityscape-at-twilight--2048x1367.jpg 2048w\" sizes=\"(max-width: 300px) 100vw, 300px\" \/>\n\t\t\t<\/div>\n\t\t\t\t<figcaption class='wp-caption-text gallery-caption' id='gallery-1-1736'>\n\t\t\t\tMalaga cathedral and cityscape at twilight from aerial view\n\t\t\t\t<\/figcaption><\/figure><figure class='gallery-item'>\n\t\t\t<div class='gallery-icon landscape'>\n\t\t\t\t<img loading=\"lazy\" width=\"300\" height=\"124\" src=\"https:\/\/malgiapartment.com\/wp-content\/uploads\/2022\/08\/malaga-spain-cityscape-topped-view-of-malaga-300x124.jpg\" class=\"attachment-medium size-medium\" alt=\"\" aria-describedby=\"gallery-1-1766\" srcset=\"https:\/\/malgiapartment.com\/wp-content\/uploads\/2022\/08\/malaga-spain-cityscape-topped-view-of-malaga-300x124.jpg 300w, https:\/\/malgiapartment.com\/wp-content\/uploads\/2022\/08\/malaga-spain-cityscape-topped-view-of-malaga-1024x424.jpg 1024w, https:\/\/malgiapartment.com\/wp-content\/uploads\/2022\/08\/malaga-spain-cityscape-topped-view-of-malaga-768x318.jpg 768w, https:\/\/malgiapartment.com\/wp-content\/uploads\/2022\/08\/malaga-spain-cityscape-topped-view-of-malaga-1536x635.jpg 1536w, https:\/\/malgiapartment.com\/wp-content\/uploads\/2022\/08\/malaga-spain-cityscape-topped-view-of-malaga-2048x847.jpg 2048w\" sizes=\"(max-width: 300px) 100vw, 300px\" \/>\n\t\t\t<\/div>\n\t\t\t\t<figcaption class='wp-caption-text gallery-caption' id='gallery-1-1766'>\n\t\t\t\tMalaga, Spain. Cityscape Topped View Of Malaga In Sunny Summer Day\n\t\t\t\t<\/figcaption><\/figure>\n\t\t<\/div>\n\t\t<\/div>\n\t\t\t\t<\/div>\n\t\t\t\t<\/div>\n\t\t\t\t\t<\/div>\n\t\t<\/div>\n\t\t\t\t\t<\/div>\n\t\t<\/section>\n\t\t\t\t\t<\/div>\n\t\t<\/div>\n\t\t\t\t\t<\/div>\n\t\t<\/section>\n\t\t\t\t<section class=\"elementor-section elementor-top-section elementor-element elementor-element-2fe8c164 elementor-section-boxed elementor-section-height-default elementor-section-height-default\" data-id=\"2fe8c164\" data-element_type=\"section\" data-settings=\"{&quot;background_background&quot;:&quot;classic&quot;}\">\n\t\t\t\t\t\t<div class=\"elementor-container elementor-column-gap-default\">\n\t\t\t\t\t<div class=\"elementor-column elementor-col-100 elementor-top-column elementor-element elementor-element-11aefa68\" data-id=\"11aefa68\" data-element_type=\"column\">\n\t\t\t<div class=\"elementor-widget-wrap elementor-element-populated\">\n\t\t\t\t\t\t<div class=\"elementor-element elementor-element-49fb76bd elementor-widget-divider--view-line elementor-widget elementor-widget-divider\" data-id=\"49fb76bd\" data-element_type=\"widget\" data-widget_type=\"divider.default\">\n\t\t\t\t<div class=\"elementor-widget-container\">\n\t\t\t\t\t<div class=\"elementor-divider\">\n\t\t\t<span class=\"elementor-divider-separator\">\n\t\t\t\t\t\t<\/span>\n\t\t<\/div>\n\t\t\t\t<\/div>\n\t\t\t\t<\/div>\n\t\t\t\t\t<\/div>\n\t\t<\/div>\n\t\t\t\t\t<\/div>\n\t\t<\/section>\n\t\t\t\t<section class=\"elementor-section elementor-top-section elementor-element elementor-element-f7a6e9d elementor-section-boxed elementor-section-height-default elementor-section-height-default\" data-id=\"f7a6e9d\" data-element_type=\"section\">\n\t\t\t\t\t\t<div class=\"elementor-container elementor-column-gap-default\">\n\t\t\t\t\t<div class=\"elementor-column elementor-col-100 elementor-top-column elementor-element elementor-element-60e48e6\" data-id=\"60e48e6\" data-element_type=\"column\">\n\t\t\t<div class=\"elementor-widget-wrap elementor-element-populated\">\n\t\t\t\t\t\t<div class=\"elementor-element elementor-element-b7d12f0 elementor-widget elementor-widget-text-editor\" data-id=\"b7d12f0\" data-element_type=\"widget\" data-widget_type=\"text-editor.default\">\n\t\t\t\t<div class=\"elementor-widget-container\">\n\t\t\t\t\t\t\t<p>VVV-kantoren<\/p>\n<p><strong>VVV-kantoren<\/strong> Adres:<br \/>Plaza del Siglo, n 2, 29015, M\u00e1laga<br \/>Telefoon nummer: +34 952 126 272<br \/>E-mailadres: <a href=\"mailto:info@visitacostadelsol.com\">info@visitacostadelsol.com<\/a><br \/>Website: <a href=\"https:\/\/www.visitacostadelsol.com\/\">www.visitacostadelsol.com<\/a><\/p>\n<p><strong>VVV-kantoren<\/strong> Adres:<br \/>Estacion Vialia Maria Zambrano, Calle Explanada de la Estacion s\/n, 29002, M\u00e1laga<br \/>E-mailadres: <a href=\"mailto:info@malagaturismo.com\">info@malagaturismo.com<\/a><br \/>Website: <a href=\"https:\/\/www.malagaturismo.com\/\">www.malagaturismo.com<\/a><\/p>\n\t\t\t\t\t\t<\/div>\n\t\t\t\t<\/div>\n\t\t\t\t\t<\/div>\n\t\t<\/div>\n\t\t\t\t\t<\/div>\n\t\t<\/section>\n\t\t\t\t<\/div>\n\t\t","protected":false},"excerpt":{"rendered":"<p>M\u00e1laga De Spaanse stad Malaga is een mediterrane zeehaven aan de Costa del Sol in de regio Andalusi\u00eb in Zuid-Spanje. Het is de 2e meest bevolkte stad in Andalusi\u00eb, de 6e in Spanje en nog belangrijker, een populaire toeristische bestemming. Het kan verwarrend zijn om zowel over M\u00e1laga als over de Costa del Sol te [&hellip;]<\/p>\n","protected":false},"author":1,"featured_media":0,"parent":0,"menu_order":0,"comment_status":"closed","ping_status":"closed","template":"","meta":{"site-sidebar-layout":"no-sidebar","site-content-layout":"page-builder","ast-site-content-layout":"default","site-content-style":"default","site-sidebar-style":"default","ast-global-header-display":"","ast-banner-title-visibility":"","ast-main-header-display":"","ast-hfb-above-header-display":"","ast-hfb-below-header-display":"","ast-hfb-mobile-header-display":"","site-post-title":"disabled","ast-breadcrumbs-content":"","ast-featured-img":"disabled","footer-sml-layout":"","ast-disable-related-posts":"","theme-transparent-header-meta":"","adv-header-id-meta":"","stick-header-meta":"","header-above-stick-meta":"","header-main-stick-meta":"","header-below-stick-meta":"","astra-migrate-meta-layouts":"default","ast-page-background-enabled":"default","ast-page-background-meta":{"desktop":{"background-color":"","background-image":"","background-repeat":"repeat","background-position":"center center","background-size":"auto","background-attachment":"scroll","background-type":"","background-media":"","overlay-type":"","overlay-color":"","overlay-opacity":"","overlay-gradient":""},"tablet":{"background-color":"","background-image":"","background-repeat":"repeat","background-position":"center center","background-size":"auto","background-attachment":"scroll","background-type":"","background-media":"","overlay-type":"","overlay-color":"","overlay-opacity":"","overlay-gradient":""},"mobile":{"background-color":"","background-image":"","background-repeat":"repeat","background-position":"center center","background-size":"auto","background-attachment":"scroll","background-type":"","background-media":"","overlay-type":"","overlay-color":"","overlay-opacity":"","overlay-gradient":""}},"ast-content-background-meta":{"desktop":{"background-color":"var(--ast-global-color-5)","background-image":"","background-repeat":"repeat","background-position":"center center","background-size":"auto","background-attachment":"scroll","background-type":"","background-media":"","overlay-type":"","overlay-color":"","overlay-opacity":"","overlay-gradient":""},"tablet":{"background-color":"var(--ast-global-color-5)","background-image":"","background-repeat":"repeat","background-position":"center center","background-size":"auto","background-attachment":"scroll","background-type":"","background-media":"","overlay-type":"","overlay-color":"","overlay-opacity":"","overlay-gradient":""},"mobile":{"background-color":"var(--ast-global-color-5)","background-image":"","background-repeat":"repeat","background-position":"center center","background-size":"auto","background-attachment":"scroll","background-type":"","background-media":"","overlay-type":"","overlay-color":"","overlay-opacity":"","overlay-gradient":""}},"_joinchat":[]},"_links":{"self":[{"href":"https:\/\/malgiapartment.com\/nl\/wp-json\/wp\/v2\/pages\/2710"}],"collection":[{"href":"https:\/\/malgiapartment.com\/nl\/wp-json\/wp\/v2\/pages"}],"about":[{"href":"https:\/\/malgiapartment.com\/nl\/wp-json\/wp\/v2\/types\/page"}],"author":[{"embeddable":true,"href":"https:\/\/malgiapartment.com\/nl\/wp-json\/wp\/v2\/users\/1"}],"replies":[{"embeddable":true,"href":"https:\/\/malgiapartment.com\/nl\/wp-json\/wp\/v2\/comments?post=2710"}],"version-history":[{"count":2,"href":"https:\/\/malgiapartment.com\/nl\/wp-json\/wp\/v2\/pages\/2710\/revisions"}],"predecessor-version":[{"id":2958,"href":"https:\/\/malgiapartment.com\/nl\/wp-json\/wp\/v2\/pages\/2710\/revisions\/2958"}],"wp:attachment":[{"href":"https:\/\/malgiapartment.com\/nl\/wp-json\/wp\/v2\/media?parent=2710"}],"curies":[{"name":"wp","href":"https:\/\/api.w.org\/{rel}","templated":true}]}}